{"id":118797,"date":"2025-05-08T16:00:51","date_gmt":"2025-05-08T14:00:51","guid":{"rendered":"https:\/\/235th.com\/?post_type=product&#038;p=118797"},"modified":"2025-05-08T16:03:39","modified_gmt":"2025-05-08T14:03:39","slug":"shampooing-pour-cuir-chevelu-sensible","status":"publish","type":"product","link":"https:\/\/235th.com\/en\/product\/shampooing-pour-cuir-chevelu-sensible\/","title":{"rendered":"Shampooing pour cuir chevelu sensible"},"content":{"rendered":"<p>Offrez \u00e0 votre cuir chevelu sensible un moment de soin expert, tout en douceur.<br \/>\nFormul\u00e9 sp\u00e9cialement pour les peaux s\u00e8ches, r\u00e9actives ou facilement irrit\u00e9es, ce shampooing nettoie en respectant l\u2019\u00e9quilibre cutan\u00e9, sans compromis sur l\u2019efficacit\u00e9. Sa texture l\u00e9g\u00e8re et onctueuse apaise instantan\u00e9ment, tout en apportant nutrition et confort au cuir chevelu d\u00e8s la premi\u00e8re utilisation.<\/p>\n<p>Enrichi en b\u00e9ta\u00efne, prot\u00e9ines de bl\u00e9 et extraits de fleurs, fruits et plantes, il hydrate la fibre capillaire, renforce les cheveux et leur redonne brillance et vitalit\u00e9.<br \/>\nSans noix, sans allerg\u00e8nes \u00e9tiquetables, 100 % v\u00e9g\u00e9talien et certifi\u00e9 COSMOS Natural par Ecocert, il garantit une composition respectueuse de votre peau comme de l\u2019environnement.<\/p>\n<p>Son parfum d\u00e9licat m\u00eale des fleurs blanches \u00e0 des notes aquatiques et de fruits rouges, sur un fond subtilement gourmand et sucr\u00e9, pour une exp\u00e9rience sensorielle unique \u00e0 chaque lavage.<\/p>\n<p>\ud83d\udca1 Astuce routine : pour des pointes nourries et sublim\u00e9es, associez-le \u00e0 notre Apr\u00e8s-shampooing frais Cocktail d\u2019agrumes, ou \u00e0 notre Apr\u00e8s-shampooing brillant V\u00e9tiver vert fum\u00e9.<\/p>\n","protected":false},"excerpt":{"rendered":"<p>Offrez \u00e0 votre cuir chevelu sensible un moment de soin expert, tout en douceur. Formul\u00e9 sp\u00e9cialement pour les peaux s\u00e8ches, r\u00e9actives ou facilement irrit\u00e9es, ce shampooing nettoie en respectant l\u2019\u00e9quilibre cutan\u00e9, sans compromis sur l\u2019efficacit\u00e9. Sa texture l\u00e9g\u00e8re et onctueuse apaise instantan\u00e9ment, tout en apportant nutrition et confort au cuir [&hellip;]<\/p>\n","protected":false},"featured_media":118798,"comment_status":"closed","ping_status":"closed","template":"","meta":[],"product_brand":[],"product_cat":[833],"product_tag":[851,884,878,891,975,971,967,977,876,974,973,976,968],"class_list":{"0":"post-118797","1":"product","2":"type-product","3":"status-publish","4":"has-post-thumbnail","6":"product_cat-non-classifiee","7":"product_tag-all-skin-types-types-de-peau","8":"product_tag-betaine-principes-actifs","9":"product_tag-blanche-couleur-de-lemballage","10":"product_tag-certifie-naturel-reclamations","11":"product_tag-delicatement-parfume","12":"product_tag-manque-de-volume-inquietude","13":"product_tag-nourrit-les-cheveux","14":"product_tag-peau-sensible-inquietude","15":"product_tag-peaux-seches-types-de-peau","16":"product_tag-pour-cuir-chevelu-sensible","17":"product_tag-proteines-de-ble-principes-actifs","18":"product_tag-shampooings-type","19":"product_tag-soins-du-cheveu","21":"first","22":"instock","23":"taxable","24":"shipping-taxable","25":"purchasable","26":"product-type-simple"},"acf":[],"yoast_head":"<!-- This site is optimized with the Yoast SEO plugin v24.3 - https:\/\/yoast.com\/wordpress\/plugins\/seo\/ -->\n<title>Shampooing pour cuir chevelu sensible - 235 TH<\/title>\n<meta name=\"robots\" content=\"index, follow, max-snippet:-1, max-image-preview:large, max-video-preview:-1\" \/>\n<link rel=\"canonical\" href=\"https:\/\/235th.com\/en\/product\/shampooing-pour-cuir-chevelu-sensible\/\" \/>\n<meta property=\"og:locale\" content=\"en_US\" \/>\n<meta property=\"og:type\" content=\"article\" \/>\n<meta property=\"og:title\" content=\"Shampooing pour cuir chevelu sensible - 235 TH\" \/>\n<meta property=\"og:description\" content=\"Offrez \u00e0 votre cuir chevelu sensible un moment de soin expert, tout en douceur. Formul\u00e9 sp\u00e9cialement pour les peaux s\u00e8ches, r\u00e9actives ou facilement irrit\u00e9es, ce shampooing nettoie en respectant l\u2019\u00e9quilibre cutan\u00e9, sans compromis sur l\u2019efficacit\u00e9. Sa texture l\u00e9g\u00e8re et onctueuse apaise instantan\u00e9ment, tout en apportant nutrition et confort au cuir [&hellip;]\" \/>\n<meta property=\"og:url\" content=\"https:\/\/235th.com\/en\/product\/shampooing-pour-cuir-chevelu-sensible\/\" \/>\n<meta property=\"og:site_name\" content=\"235 TH\" \/>\n<meta property=\"article:modified_time\" content=\"2025-05-08T14:03:39+00:00\" \/>\n<meta property=\"og:image\" content=\"https:\/\/235th.com\/wp-content\/uploads\/2025\/05\/rriVnwxW3_Xs9sht-sZcI9dAZPeA9z7J-scaled.jpg\" \/>\n\t<meta property=\"og:image:width\" content=\"1930\" \/>\n\t<meta property=\"og:image:height\" content=\"2560\" \/>\n\t<meta property=\"og:image:type\" content=\"image\/jpeg\" \/>\n<meta name=\"twitter:card\" content=\"summary_large_image\" \/>\n<meta name=\"twitter:label1\" content=\"Est. reading time\" \/>\n\t<meta name=\"twitter:data1\" content=\"1 minute\" \/>\n<script type=\"application\/ld+json\" class=\"yoast-schema-graph\">{\"@context\":\"https:\/\/schema.org\",\"@graph\":[{\"@type\":\"WebPage\",\"@id\":\"https:\/\/235th.com\/en\/product\/shampooing-pour-cuir-chevelu-sensible\/\",\"url\":\"https:\/\/235th.com\/en\/product\/shampooing-pour-cuir-chevelu-sensible\/\",\"name\":\"Shampooing pour cuir chevelu sensible - 235 TH\",\"isPartOf\":{\"@id\":\"https:\/\/235th.com\/en\/#website\"},\"primaryImageOfPage\":{\"@id\":\"https:\/\/235th.com\/en\/product\/shampooing-pour-cuir-chevelu-sensible\/#primaryimage\"},\"image\":{\"@id\":\"https:\/\/235th.com\/en\/product\/shampooing-pour-cuir-chevelu-sensible\/#primaryimage\"},\"thumbnailUrl\":\"https:\/\/i0.wp.com\/235th.com\/wp-content\/uploads\/2025\/05\/rriVnwxW3_Xs9sht-sZcI9dAZPeA9z7J-scaled.jpg?fit=1930%2C2560&ssl=1\",\"datePublished\":\"2025-05-08T14:00:51+00:00\",\"dateModified\":\"2025-05-08T14:03:39+00:00\",\"breadcrumb\":{\"@id\":\"https:\/\/235th.com\/en\/product\/shampooing-pour-cuir-chevelu-sensible\/#breadcrumb\"},\"inLanguage\":\"en-US\",\"potentialAction\":[{\"@type\":\"ReadAction\",\"target\":[\"https:\/\/235th.com\/en\/product\/shampooing-pour-cuir-chevelu-sensible\/\"]}]},{\"@type\":\"ImageObject\",\"inLanguage\":\"en-US\",\"@id\":\"https:\/\/235th.com\/en\/product\/shampooing-pour-cuir-chevelu-sensible\/#primaryimage\",\"url\":\"https:\/\/i0.wp.com\/235th.com\/wp-content\/uploads\/2025\/05\/rriVnwxW3_Xs9sht-sZcI9dAZPeA9z7J-scaled.jpg?fit=1930%2C2560&ssl=1\",\"contentUrl\":\"https:\/\/i0.wp.com\/235th.com\/wp-content\/uploads\/2025\/05\/rriVnwxW3_Xs9sht-sZcI9dAZPeA9z7J-scaled.jpg?fit=1930%2C2560&ssl=1\",\"width\":1930,\"height\":2560},{\"@type\":\"BreadcrumbList\",\"@id\":\"https:\/\/235th.com\/en\/product\/shampooing-pour-cuir-chevelu-sensible\/#breadcrumb\",\"itemListElement\":[{\"@type\":\"ListItem\",\"position\":1,\"name\":\"Accueil\",\"item\":\"https:\/\/235th.com\/en\/\"},{\"@type\":\"ListItem\",\"position\":2,\"name\":\"Store\",\"item\":\"https:\/\/235th.com\/en\/store\/\"},{\"@type\":\"ListItem\",\"position\":3,\"name\":\"Shampooing pour cuir chevelu sensible\"}]},{\"@type\":\"WebSite\",\"@id\":\"https:\/\/235th.com\/en\/#website\",\"url\":\"https:\/\/235th.com\/en\/\",\"name\":\"235 TH\",\"description\":\"L&#039;excellence sinon rien\",\"potentialAction\":[{\"@type\":\"SearchAction\",\"target\":{\"@type\":\"EntryPoint\",\"urlTemplate\":\"https:\/\/235th.com\/en\/?s={search_term_string}\"},\"query-input\":{\"@type\":\"PropertyValueSpecification\",\"valueRequired\":true,\"valueName\":\"search_term_string\"}}],\"inLanguage\":\"en-US\"}]}<\/script>\n<!-- \/ Yoast SEO plugin. -->","yoast_head_json":{"title":"Shampooing pour cuir chevelu sensible - 235 TH","robots":{"index":"index","follow":"follow","max-snippet":"max-snippet:-1","max-image-preview":"max-image-preview:large","max-video-preview":"max-video-preview:-1"},"canonical":"https:\/\/235th.com\/en\/product\/shampooing-pour-cuir-chevelu-sensible\/","og_locale":"en_US","og_type":"article","og_title":"Shampooing pour cuir chevelu sensible - 235 TH","og_description":"Offrez \u00e0 votre cuir chevelu sensible un moment de soin expert, tout en douceur. Formul\u00e9 sp\u00e9cialement pour les peaux s\u00e8ches, r\u00e9actives ou facilement irrit\u00e9es, ce shampooing nettoie en respectant l\u2019\u00e9quilibre cutan\u00e9, sans compromis sur l\u2019efficacit\u00e9. Sa texture l\u00e9g\u00e8re et onctueuse apaise instantan\u00e9ment, tout en apportant nutrition et confort au cuir [&hellip;]","og_url":"https:\/\/235th.com\/en\/product\/shampooing-pour-cuir-chevelu-sensible\/","og_site_name":"235 TH","article_modified_time":"2025-05-08T14:03:39+00:00","og_image":[{"width":1930,"height":2560,"url":"https:\/\/235th.com\/wp-content\/uploads\/2025\/05\/rriVnwxW3_Xs9sht-sZcI9dAZPeA9z7J-scaled.jpg","type":"image\/jpeg"}],"twitter_card":"summary_large_image","twitter_misc":{"Est. reading time":"1 minute"},"schema":{"@context":"https:\/\/schema.org","@graph":[{"@type":"WebPage","@id":"https:\/\/235th.com\/en\/product\/shampooing-pour-cuir-chevelu-sensible\/","url":"https:\/\/235th.com\/en\/product\/shampooing-pour-cuir-chevelu-sensible\/","name":"Shampooing pour cuir chevelu sensible - 235 TH","isPartOf":{"@id":"https:\/\/235th.com\/en\/#website"},"primaryImageOfPage":{"@id":"https:\/\/235th.com\/en\/product\/shampooing-pour-cuir-chevelu-sensible\/#primaryimage"},"image":{"@id":"https:\/\/235th.com\/en\/product\/shampooing-pour-cuir-chevelu-sensible\/#primaryimage"},"thumbnailUrl":"https:\/\/i0.wp.com\/235th.com\/wp-content\/uploads\/2025\/05\/rriVnwxW3_Xs9sht-sZcI9dAZPeA9z7J-scaled.jpg?fit=1930%2C2560&ssl=1","datePublished":"2025-05-08T14:00:51+00:00","dateModified":"2025-05-08T14:03:39+00:00","breadcrumb":{"@id":"https:\/\/235th.com\/en\/product\/shampooing-pour-cuir-chevelu-sensible\/#breadcrumb"},"inLanguage":"en-US","potentialAction":[{"@type":"ReadAction","target":["https:\/\/235th.com\/en\/product\/shampooing-pour-cuir-chevelu-sensible\/"]}]},{"@type":"ImageObject","inLanguage":"en-US","@id":"https:\/\/235th.com\/en\/product\/shampooing-pour-cuir-chevelu-sensible\/#primaryimage","url":"https:\/\/i0.wp.com\/235th.com\/wp-content\/uploads\/2025\/05\/rriVnwxW3_Xs9sht-sZcI9dAZPeA9z7J-scaled.jpg?fit=1930%2C2560&ssl=1","contentUrl":"https:\/\/i0.wp.com\/235th.com\/wp-content\/uploads\/2025\/05\/rriVnwxW3_Xs9sht-sZcI9dAZPeA9z7J-scaled.jpg?fit=1930%2C2560&ssl=1","width":1930,"height":2560},{"@type":"BreadcrumbList","@id":"https:\/\/235th.com\/en\/product\/shampooing-pour-cuir-chevelu-sensible\/#breadcrumb","itemListElement":[{"@type":"ListItem","position":1,"name":"Accueil","item":"https:\/\/235th.com\/en\/"},{"@type":"ListItem","position":2,"name":"Store","item":"https:\/\/235th.com\/en\/store\/"},{"@type":"ListItem","position":3,"name":"Shampooing pour cuir chevelu sensible"}]},{"@type":"WebSite","@id":"https:\/\/235th.com\/en\/#website","url":"https:\/\/235th.com\/en\/","name":"235 TH","description":"L&#039;excellence sinon rien","potentialAction":[{"@type":"SearchAction","target":{"@type":"EntryPoint","urlTemplate":"https:\/\/235th.com\/en\/?s={search_term_string}"},"query-input":{"@type":"PropertyValueSpecification","valueRequired":true,"valueName":"search_term_string"}}],"inLanguage":"en-US"}]}},"_links":{"self":[{"href":"https:\/\/235th.com\/en\/wp-json\/wp\/v2\/product\/118797","targetHints":{"allow":["GET"]}}],"collection":[{"href":"https:\/\/235th.com\/en\/wp-json\/wp\/v2\/product"}],"about":[{"href":"https:\/\/235th.com\/en\/wp-json\/wp\/v2\/types\/product"}],"replies":[{"embeddable":true,"href":"https:\/\/235th.com\/en\/wp-json\/wp\/v2\/comments?post=118797"}],"wp:featuredmedia":[{"embeddable":true,"href":"https:\/\/235th.com\/en\/wp-json\/wp\/v2\/media\/118798"}],"wp:attachment":[{"href":"https:\/\/235th.com\/en\/wp-json\/wp\/v2\/media?parent=118797"}],"wp:term":[{"taxonomy":"product_brand","embeddable":true,"href":"https:\/\/235th.com\/en\/wp-json\/wp\/v2\/product_brand?post=118797"},{"taxonomy":"product_cat","embeddable":true,"href":"https:\/\/235th.com\/en\/wp-json\/wp\/v2\/product_cat?post=118797"},{"taxonomy":"product_tag","embeddable":true,"href":"https:\/\/235th.com\/en\/wp-json\/wp\/v2\/product_tag?post=118797"}],"curies":[{"name":"wp","href":"https:\/\/api.w.org\/{rel}","templated":true}]}}