{"id":118817,"date":"2025-05-08T15:54:17","date_gmt":"2025-05-08T13:54:17","guid":{"rendered":"https:\/\/235th.com\/?post_type=product&#038;p=118817"},"modified":"2025-05-08T16:02:46","modified_gmt":"2025-05-08T14:02:46","slug":"shampooing-volume-lissage-the-vert-aloe-vera","status":"publish","type":"product","link":"https:\/\/235th.com\/en\/product\/shampooing-volume-lissage-the-vert-aloe-vera\/","title":{"rendered":"Shampooing Volume &#038; Lissage \u2013 Th\u00e9 Vert &#038; Aloe Vera"},"content":{"rendered":"<p>300 ml \/ 10.14 fl oz \u2013 Certifi\u00e9 Ecocert COSMOS Natural<\/p>\n<p>Offrez \u00e0 vos clients un shampooing \u00e0 la fois fortifiant et sensoriel, qui allie volume naturel et effet lissant imm\u00e9diat.<br \/>\nFormul\u00e9 avec des actifs v\u00e9g\u00e9taux reconnus tels que la b\u00e9ta\u00efne et les prot\u00e9ines de bl\u00e9, il nettoie en douceur, pr\u00e9serve la texture soyeuse du cheveu et lui apporte densit\u00e9 et souplesse sans l\u2019alourdir.<\/p>\n<p>Sa formule certifi\u00e9e naturelle, sans noix et 100 % v\u00e9g\u00e9talienne, respecte \u00e0 la fois le cuir chevelu et l\u2019environnement.<br \/>\nSon parfum frais m\u00ealant th\u00e9 vert et aloe vera offre une exp\u00e9rience apaisante \u00e0 chaque lavage.<\/p>\n<p>B\u00e9n\u00e9fices cl\u00e9s :<br \/>\n\u2714 Apporte du volume d\u00e8s la racine<br \/>\n\u2714 Effet lissant sans alourdir<br \/>\n\u2714 Renforce la fibre capillaire<br \/>\n\u2714 Formule douce, sans allerg\u00e8ne d\u00e9clar\u00e9<\/p>\n<p>Conseils d\u2019utilisation : appliquer sur cheveux mouill\u00e9s, masser le cuir chevelu, faire mousser puis rincer abondamment.<\/p>\n","protected":false},"excerpt":{"rendered":"<p>300 ml \/ 10.14 fl oz \u2013 Certifi\u00e9 Ecocert COSMOS Natural Offrez \u00e0 vos clients un shampooing \u00e0 la fois fortifiant et sensoriel, qui allie volume naturel et effet lissant imm\u00e9diat. Formul\u00e9 avec des actifs v\u00e9g\u00e9taux reconnus tels que la b\u00e9ta\u00efne et les prot\u00e9ines de bl\u00e9, il nettoie en douceur, [&hellip;]<\/p>\n","protected":false},"featured_media":118818,"comment_status":"closed","ping_status":"closed","template":"","meta":[],"product_brand":[],"product_cat":[833],"product_tag":[953,986,958,990,933,971,970,973,976,968],"class_list":{"0":"post-118817","1":"product","2":"type-product","3":"status-publish","4":"has-post-thumbnail","6":"product_cat-non-classifiee","7":"product_tag-all-skin-types-types-de-peau-en","8":"product_tag-apporte-du-volume","9":"product_tag-betaine-principes-actifs-en","10":"product_tag-blanche-couleur-de-lemballage-en-2","11":"product_tag-effet-lissant","12":"product_tag-manque-de-volume-inquietude","13":"product_tag-pointes-seches-inquietude","14":"product_tag-proteines-de-ble-principes-actifs","15":"product_tag-shampooings-type","16":"product_tag-soins-du-cheveu","18":"first","19":"instock","20":"taxable","21":"shipping-taxable","22":"purchasable","23":"product-type-simple"},"acf":[],"yoast_head":"<!-- This site is optimized with the Yoast SEO plugin v24.3 - https:\/\/yoast.com\/wordpress\/plugins\/seo\/ -->\n<title>Shampooing Volume &amp; Lissage \u2013 Th\u00e9 Vert &amp; Aloe Vera - 235 TH<\/title>\n<meta name=\"robots\" content=\"index, follow, max-snippet:-1, max-image-preview:large, max-video-preview:-1\" \/>\n<link rel=\"canonical\" href=\"https:\/\/235th.com\/en\/product\/shampooing-volume-lissage-the-vert-aloe-vera\/\" \/>\n<meta property=\"og:locale\" content=\"en_US\" \/>\n<meta property=\"og:type\" content=\"article\" \/>\n<meta property=\"og:title\" content=\"Shampooing Volume &amp; Lissage \u2013 Th\u00e9 Vert &amp; Aloe Vera - 235 TH\" \/>\n<meta property=\"og:description\" content=\"300 ml \/ 10.14 fl oz \u2013 Certifi\u00e9 Ecocert COSMOS Natural Offrez \u00e0 vos clients un shampooing \u00e0 la fois fortifiant et sensoriel, qui allie volume naturel et effet lissant imm\u00e9diat. Formul\u00e9 avec des actifs v\u00e9g\u00e9taux reconnus tels que la b\u00e9ta\u00efne et les prot\u00e9ines de bl\u00e9, il nettoie en douceur, [&hellip;]\" \/>\n<meta property=\"og:url\" content=\"https:\/\/235th.com\/en\/product\/shampooing-volume-lissage-the-vert-aloe-vera\/\" \/>\n<meta property=\"og:site_name\" content=\"235 TH\" \/>\n<meta property=\"article:modified_time\" content=\"2025-05-08T14:02:46+00:00\" \/>\n<meta property=\"og:image\" content=\"https:\/\/235th.com\/wp-content\/uploads\/2025\/05\/aEl0YT8Glc9PHLjQTYxLoMuwg66ho3tq-scaled.jpg\" \/>\n\t<meta property=\"og:image:width\" content=\"1930\" \/>\n\t<meta property=\"og:image:height\" content=\"2560\" \/>\n\t<meta property=\"og:image:type\" content=\"image\/jpeg\" \/>\n<meta name=\"twitter:card\" content=\"summary_large_image\" \/>\n<meta name=\"twitter:label1\" content=\"Est. reading time\" \/>\n\t<meta name=\"twitter:data1\" content=\"1 minute\" \/>\n<script type=\"application\/ld+json\" class=\"yoast-schema-graph\">{\"@context\":\"https:\/\/schema.org\",\"@graph\":[{\"@type\":\"WebPage\",\"@id\":\"https:\/\/235th.com\/en\/product\/shampooing-volume-lissage-the-vert-aloe-vera\/\",\"url\":\"https:\/\/235th.com\/en\/product\/shampooing-volume-lissage-the-vert-aloe-vera\/\",\"name\":\"Shampooing Volume & Lissage \u2013 Th\u00e9 Vert & Aloe Vera - 235 TH\",\"isPartOf\":{\"@id\":\"https:\/\/235th.com\/en\/#website\"},\"primaryImageOfPage\":{\"@id\":\"https:\/\/235th.com\/en\/product\/shampooing-volume-lissage-the-vert-aloe-vera\/#primaryimage\"},\"image\":{\"@id\":\"https:\/\/235th.com\/en\/product\/shampooing-volume-lissage-the-vert-aloe-vera\/#primaryimage\"},\"thumbnailUrl\":\"https:\/\/i0.wp.com\/235th.com\/wp-content\/uploads\/2025\/05\/aEl0YT8Glc9PHLjQTYxLoMuwg66ho3tq-scaled.jpg?fit=1930%2C2560&ssl=1\",\"datePublished\":\"2025-05-08T13:54:17+00:00\",\"dateModified\":\"2025-05-08T14:02:46+00:00\",\"breadcrumb\":{\"@id\":\"https:\/\/235th.com\/en\/product\/shampooing-volume-lissage-the-vert-aloe-vera\/#breadcrumb\"},\"inLanguage\":\"en-US\",\"potentialAction\":[{\"@type\":\"ReadAction\",\"target\":[\"https:\/\/235th.com\/en\/product\/shampooing-volume-lissage-the-vert-aloe-vera\/\"]}]},{\"@type\":\"ImageObject\",\"inLanguage\":\"en-US\",\"@id\":\"https:\/\/235th.com\/en\/product\/shampooing-volume-lissage-the-vert-aloe-vera\/#primaryimage\",\"url\":\"https:\/\/i0.wp.com\/235th.com\/wp-content\/uploads\/2025\/05\/aEl0YT8Glc9PHLjQTYxLoMuwg66ho3tq-scaled.jpg?fit=1930%2C2560&ssl=1\",\"contentUrl\":\"https:\/\/i0.wp.com\/235th.com\/wp-content\/uploads\/2025\/05\/aEl0YT8Glc9PHLjQTYxLoMuwg66ho3tq-scaled.jpg?fit=1930%2C2560&ssl=1\",\"width\":1930,\"height\":2560},{\"@type\":\"BreadcrumbList\",\"@id\":\"https:\/\/235th.com\/en\/product\/shampooing-volume-lissage-the-vert-aloe-vera\/#breadcrumb\",\"itemListElement\":[{\"@type\":\"ListItem\",\"position\":1,\"name\":\"Accueil\",\"item\":\"https:\/\/235th.com\/en\/\"},{\"@type\":\"ListItem\",\"position\":2,\"name\":\"Store\",\"item\":\"https:\/\/235th.com\/en\/store\/\"},{\"@type\":\"ListItem\",\"position\":3,\"name\":\"Shampooing Volume &#038; Lissage \u2013 Th\u00e9 Vert &#038; Aloe Vera\"}]},{\"@type\":\"WebSite\",\"@id\":\"https:\/\/235th.com\/en\/#website\",\"url\":\"https:\/\/235th.com\/en\/\",\"name\":\"235 TH\",\"description\":\"L&#039;excellence sinon rien\",\"potentialAction\":[{\"@type\":\"SearchAction\",\"target\":{\"@type\":\"EntryPoint\",\"urlTemplate\":\"https:\/\/235th.com\/en\/?s={search_term_string}\"},\"query-input\":{\"@type\":\"PropertyValueSpecification\",\"valueRequired\":true,\"valueName\":\"search_term_string\"}}],\"inLanguage\":\"en-US\"}]}<\/script>\n<!-- \/ Yoast SEO plugin. -->","yoast_head_json":{"title":"Shampooing Volume & Lissage \u2013 Th\u00e9 Vert & Aloe Vera - 235 TH","robots":{"index":"index","follow":"follow","max-snippet":"max-snippet:-1","max-image-preview":"max-image-preview:large","max-video-preview":"max-video-preview:-1"},"canonical":"https:\/\/235th.com\/en\/product\/shampooing-volume-lissage-the-vert-aloe-vera\/","og_locale":"en_US","og_type":"article","og_title":"Shampooing Volume & Lissage \u2013 Th\u00e9 Vert & Aloe Vera - 235 TH","og_description":"300 ml \/ 10.14 fl oz \u2013 Certifi\u00e9 Ecocert COSMOS Natural Offrez \u00e0 vos clients un shampooing \u00e0 la fois fortifiant et sensoriel, qui allie volume naturel et effet lissant imm\u00e9diat. Formul\u00e9 avec des actifs v\u00e9g\u00e9taux reconnus tels que la b\u00e9ta\u00efne et les prot\u00e9ines de bl\u00e9, il nettoie en douceur, [&hellip;]","og_url":"https:\/\/235th.com\/en\/product\/shampooing-volume-lissage-the-vert-aloe-vera\/","og_site_name":"235 TH","article_modified_time":"2025-05-08T14:02:46+00:00","og_image":[{"width":1930,"height":2560,"url":"https:\/\/235th.com\/wp-content\/uploads\/2025\/05\/aEl0YT8Glc9PHLjQTYxLoMuwg66ho3tq-scaled.jpg","type":"image\/jpeg"}],"twitter_card":"summary_large_image","twitter_misc":{"Est. reading time":"1 minute"},"schema":{"@context":"https:\/\/schema.org","@graph":[{"@type":"WebPage","@id":"https:\/\/235th.com\/en\/product\/shampooing-volume-lissage-the-vert-aloe-vera\/","url":"https:\/\/235th.com\/en\/product\/shampooing-volume-lissage-the-vert-aloe-vera\/","name":"Shampooing Volume & Lissage \u2013 Th\u00e9 Vert & Aloe Vera - 235 TH","isPartOf":{"@id":"https:\/\/235th.com\/en\/#website"},"primaryImageOfPage":{"@id":"https:\/\/235th.com\/en\/product\/shampooing-volume-lissage-the-vert-aloe-vera\/#primaryimage"},"image":{"@id":"https:\/\/235th.com\/en\/product\/shampooing-volume-lissage-the-vert-aloe-vera\/#primaryimage"},"thumbnailUrl":"https:\/\/i0.wp.com\/235th.com\/wp-content\/uploads\/2025\/05\/aEl0YT8Glc9PHLjQTYxLoMuwg66ho3tq-scaled.jpg?fit=1930%2C2560&ssl=1","datePublished":"2025-05-08T13:54:17+00:00","dateModified":"2025-05-08T14:02:46+00:00","breadcrumb":{"@id":"https:\/\/235th.com\/en\/product\/shampooing-volume-lissage-the-vert-aloe-vera\/#breadcrumb"},"inLanguage":"en-US","potentialAction":[{"@type":"ReadAction","target":["https:\/\/235th.com\/en\/product\/shampooing-volume-lissage-the-vert-aloe-vera\/"]}]},{"@type":"ImageObject","inLanguage":"en-US","@id":"https:\/\/235th.com\/en\/product\/shampooing-volume-lissage-the-vert-aloe-vera\/#primaryimage","url":"https:\/\/i0.wp.com\/235th.com\/wp-content\/uploads\/2025\/05\/aEl0YT8Glc9PHLjQTYxLoMuwg66ho3tq-scaled.jpg?fit=1930%2C2560&ssl=1","contentUrl":"https:\/\/i0.wp.com\/235th.com\/wp-content\/uploads\/2025\/05\/aEl0YT8Glc9PHLjQTYxLoMuwg66ho3tq-scaled.jpg?fit=1930%2C2560&ssl=1","width":1930,"height":2560},{"@type":"BreadcrumbList","@id":"https:\/\/235th.com\/en\/product\/shampooing-volume-lissage-the-vert-aloe-vera\/#breadcrumb","itemListElement":[{"@type":"ListItem","position":1,"name":"Accueil","item":"https:\/\/235th.com\/en\/"},{"@type":"ListItem","position":2,"name":"Store","item":"https:\/\/235th.com\/en\/store\/"},{"@type":"ListItem","position":3,"name":"Shampooing Volume &#038; Lissage \u2013 Th\u00e9 Vert &#038; Aloe Vera"}]},{"@type":"WebSite","@id":"https:\/\/235th.com\/en\/#website","url":"https:\/\/235th.com\/en\/","name":"235 TH","description":"L&#039;excellence sinon rien","potentialAction":[{"@type":"SearchAction","target":{"@type":"EntryPoint","urlTemplate":"https:\/\/235th.com\/en\/?s={search_term_string}"},"query-input":{"@type":"PropertyValueSpecification","valueRequired":true,"valueName":"search_term_string"}}],"inLanguage":"en-US"}]}},"_links":{"self":[{"href":"https:\/\/235th.com\/en\/wp-json\/wp\/v2\/product\/118817","targetHints":{"allow":["GET"]}}],"collection":[{"href":"https:\/\/235th.com\/en\/wp-json\/wp\/v2\/product"}],"about":[{"href":"https:\/\/235th.com\/en\/wp-json\/wp\/v2\/types\/product"}],"replies":[{"embeddable":true,"href":"https:\/\/235th.com\/en\/wp-json\/wp\/v2\/comments?post=118817"}],"wp:featuredmedia":[{"embeddable":true,"href":"https:\/\/235th.com\/en\/wp-json\/wp\/v2\/media\/118818"}],"wp:attachment":[{"href":"https:\/\/235th.com\/en\/wp-json\/wp\/v2\/media?parent=118817"}],"wp:term":[{"taxonomy":"product_brand","embeddable":true,"href":"https:\/\/235th.com\/en\/wp-json\/wp\/v2\/product_brand?post=118817"},{"taxonomy":"product_cat","embeddable":true,"href":"https:\/\/235th.com\/en\/wp-json\/wp\/v2\/product_cat?post=118817"},{"taxonomy":"product_tag","embeddable":true,"href":"https:\/\/235th.com\/en\/wp-json\/wp\/v2\/product_tag?post=118817"}],"curies":[{"name":"wp","href":"https:\/\/api.w.org\/{rel}","templated":true}]}}