{"id":118822,"date":"2025-05-08T15:54:26","date_gmt":"2025-05-08T13:54:26","guid":{"rendered":"https:\/\/235th.com\/?post_type=product&#038;p=118822"},"modified":"2025-05-08T16:02:33","modified_gmt":"2025-05-08T14:02:33","slug":"apres-shampooing-reparateur-lissant-arome-fruits-juteux-bois-chaud","status":"publish","type":"product","link":"https:\/\/235th.com\/en\/product\/apres-shampooing-reparateur-lissant-arome-fruits-juteux-bois-chaud\/","title":{"rendered":"Apr\u00e8s-shampooing R\u00e9parateur &#038; Lissant \u2013 Ar\u00f4me Fruits Juteux &#038; Bois Chaud"},"content":{"rendered":"<p>300 ml \/ 10.14 fl oz \u2013 Certifi\u00e9 Ecocert COSMOS Natural<\/p>\n<p>Offrez \u00e0 vos clients un soin cibl\u00e9 haute performance pour redonner vie aux pointes s\u00e8ches et d\u00e9shydrat\u00e9es.<br \/>\nCe revitalisant v\u00e9g\u00e9talien, sans noix et certifi\u00e9 naturel, combine l\u2019efficacit\u00e9 de l\u2019huile d\u2019argan nourrissante, des prot\u00e9ines de bl\u00e9 r\u00e9paratrices, du jus d\u2019aloe vera hydratant et d\u2019extraits de plantes apaisants pour une action compl\u00e8te.<\/p>\n<p>Il lisse les cheveux, am\u00e9liore visiblement leur texture, facilite le coiffage et pr\u00e9vient la casse. Les cheveux retrouvent souplesse, brillance et douceur, d\u00e8s les premi\u00e8res applications.<\/p>\n<p>Son parfum gourmand et \u00e9l\u00e9gant, aux fruits juteux et bois chauds, transforme chaque soin en un v\u00e9ritable rituel sensoriel.<\/p>\n<p>B\u00e9n\u00e9fices cl\u00e9s :<br \/>\n\u2714 R\u00e9pare les pointes s\u00e8ches et ab\u00eem\u00e9es<br \/>\n\u2714 Hydrate et lisse sans alourdir<br \/>\n\u2714 Nourrit intens\u00e9ment gr\u00e2ce \u00e0 l\u2019huile d\u2019argan<br \/>\n\u2714 Convient \u00e0 tous types de cheveux<\/p>\n<p>Conseils d\u2019utilisation : appliquer sur les pointes humides, laisser poser 2 \u00e0 5 minutes, puis rincer soigneusement.<\/p>\n","protected":false},"excerpt":{"rendered":"<p>300 ml \/ 10.14 fl oz \u2013 Certifi\u00e9 Ecocert COSMOS Natural Offrez \u00e0 vos clients un soin cibl\u00e9 haute performance pour redonner vie aux pointes s\u00e8ches et d\u00e9shydrat\u00e9es. Ce revitalisant v\u00e9g\u00e9talien, sans noix et certifi\u00e9 naturel, combine l\u2019efficacit\u00e9 de l\u2019huile d\u2019argan nourrissante, des prot\u00e9ines de bl\u00e9 r\u00e9paratrices, du jus d\u2019aloe [&hellip;]<\/p>\n","protected":false},"featured_media":118823,"comment_status":"closed","ping_status":"closed","template":"","meta":[],"product_brand":[],"product_cat":[952],"product_tag":[987,969,878,988,860,256,971,970,973,889,968],"class_list":{"0":"post-118822","1":"product","2":"type-product","3":"status-publish","4":"has-post-thumbnail","6":"product_cat-collection-en","7":"product_tag-aide-a-reparer-les-pointes-seches","8":"product_tag-apres-shampooing-type","9":"product_tag-blanche-couleur-de-lemballage","10":"product_tag-huile-dargan-principes-actifs","11":"product_tag-hydratant","12":"product_tag-lisse","13":"product_tag-manque-de-volume-inquietude","14":"product_tag-pointes-seches-inquietude","15":"product_tag-proteines-de-ble-principes-actifs","16":"product_tag-sans-noix-reclamations","17":"product_tag-soins-du-cheveu","19":"first","20":"instock","21":"taxable","22":"shipping-taxable","23":"purchasable","24":"product-type-simple"},"acf":[],"yoast_head":"<!-- This site is optimized with the Yoast SEO plugin v24.3 - https:\/\/yoast.com\/wordpress\/plugins\/seo\/ -->\n<title>Apr\u00e8s-shampooing R\u00e9parateur &amp; Lissant \u2013 Ar\u00f4me Fruits Juteux &amp; Bois Chaud - 235 TH<\/title>\n<meta name=\"robots\" content=\"index, follow, max-snippet:-1, max-image-preview:large, max-video-preview:-1\" \/>\n<link rel=\"canonical\" href=\"https:\/\/235th.com\/en\/product\/apres-shampooing-reparateur-lissant-arome-fruits-juteux-bois-chaud\/\" \/>\n<meta property=\"og:locale\" content=\"en_US\" \/>\n<meta property=\"og:type\" content=\"article\" \/>\n<meta property=\"og:title\" content=\"Apr\u00e8s-shampooing R\u00e9parateur &amp; Lissant \u2013 Ar\u00f4me Fruits Juteux &amp; Bois Chaud - 235 TH\" \/>\n<meta property=\"og:description\" content=\"300 ml \/ 10.14 fl oz \u2013 Certifi\u00e9 Ecocert COSMOS Natural Offrez \u00e0 vos clients un soin cibl\u00e9 haute performance pour redonner vie aux pointes s\u00e8ches et d\u00e9shydrat\u00e9es. Ce revitalisant v\u00e9g\u00e9talien, sans noix et certifi\u00e9 naturel, combine l\u2019efficacit\u00e9 de l\u2019huile d\u2019argan nourrissante, des prot\u00e9ines de bl\u00e9 r\u00e9paratrices, du jus d\u2019aloe [&hellip;]\" \/>\n<meta property=\"og:url\" content=\"https:\/\/235th.com\/en\/product\/apres-shampooing-reparateur-lissant-arome-fruits-juteux-bois-chaud\/\" \/>\n<meta property=\"og:site_name\" content=\"235 TH\" \/>\n<meta property=\"article:modified_time\" content=\"2025-05-08T14:02:33+00:00\" \/>\n<meta property=\"og:image\" content=\"https:\/\/235th.com\/wp-content\/uploads\/2025\/05\/nMJwHBQ6JLZntQ3Gv7WqYrMIW1HzXnVJ-scaled.jpg\" \/>\n\t<meta property=\"og:image:width\" content=\"1930\" \/>\n\t<meta property=\"og:image:height\" content=\"2560\" \/>\n\t<meta property=\"og:image:type\" content=\"image\/jpeg\" \/>\n<meta name=\"twitter:card\" content=\"summary_large_image\" \/>\n<meta name=\"twitter:label1\" content=\"Est. reading time\" \/>\n\t<meta name=\"twitter:data1\" content=\"1 minute\" \/>\n<script type=\"application\/ld+json\" class=\"yoast-schema-graph\">{\"@context\":\"https:\/\/schema.org\",\"@graph\":[{\"@type\":\"WebPage\",\"@id\":\"https:\/\/235th.com\/en\/product\/apres-shampooing-reparateur-lissant-arome-fruits-juteux-bois-chaud\/\",\"url\":\"https:\/\/235th.com\/en\/product\/apres-shampooing-reparateur-lissant-arome-fruits-juteux-bois-chaud\/\",\"name\":\"Apr\u00e8s-shampooing R\u00e9parateur & Lissant \u2013 Ar\u00f4me Fruits Juteux & Bois Chaud - 235 TH\",\"isPartOf\":{\"@id\":\"https:\/\/235th.com\/en\/#website\"},\"primaryImageOfPage\":{\"@id\":\"https:\/\/235th.com\/en\/product\/apres-shampooing-reparateur-lissant-arome-fruits-juteux-bois-chaud\/#primaryimage\"},\"image\":{\"@id\":\"https:\/\/235th.com\/en\/product\/apres-shampooing-reparateur-lissant-arome-fruits-juteux-bois-chaud\/#primaryimage\"},\"thumbnailUrl\":\"https:\/\/i0.wp.com\/235th.com\/wp-content\/uploads\/2025\/05\/nMJwHBQ6JLZntQ3Gv7WqYrMIW1HzXnVJ-scaled.jpg?fit=1930%2C2560&ssl=1\",\"datePublished\":\"2025-05-08T13:54:26+00:00\",\"dateModified\":\"2025-05-08T14:02:33+00:00\",\"breadcrumb\":{\"@id\":\"https:\/\/235th.com\/en\/product\/apres-shampooing-reparateur-lissant-arome-fruits-juteux-bois-chaud\/#breadcrumb\"},\"inLanguage\":\"en-US\",\"potentialAction\":[{\"@type\":\"ReadAction\",\"target\":[\"https:\/\/235th.com\/en\/product\/apres-shampooing-reparateur-lissant-arome-fruits-juteux-bois-chaud\/\"]}]},{\"@type\":\"ImageObject\",\"inLanguage\":\"en-US\",\"@id\":\"https:\/\/235th.com\/en\/product\/apres-shampooing-reparateur-lissant-arome-fruits-juteux-bois-chaud\/#primaryimage\",\"url\":\"https:\/\/i0.wp.com\/235th.com\/wp-content\/uploads\/2025\/05\/nMJwHBQ6JLZntQ3Gv7WqYrMIW1HzXnVJ-scaled.jpg?fit=1930%2C2560&ssl=1\",\"contentUrl\":\"https:\/\/i0.wp.com\/235th.com\/wp-content\/uploads\/2025\/05\/nMJwHBQ6JLZntQ3Gv7WqYrMIW1HzXnVJ-scaled.jpg?fit=1930%2C2560&ssl=1\",\"width\":1930,\"height\":2560},{\"@type\":\"BreadcrumbList\",\"@id\":\"https:\/\/235th.com\/en\/product\/apres-shampooing-reparateur-lissant-arome-fruits-juteux-bois-chaud\/#breadcrumb\",\"itemListElement\":[{\"@type\":\"ListItem\",\"position\":1,\"name\":\"Accueil\",\"item\":\"https:\/\/235th.com\/en\/\"},{\"@type\":\"ListItem\",\"position\":2,\"name\":\"Store\",\"item\":\"https:\/\/235th.com\/en\/store\/\"},{\"@type\":\"ListItem\",\"position\":3,\"name\":\"Apr\u00e8s-shampooing R\u00e9parateur &#038; Lissant \u2013 Ar\u00f4me Fruits Juteux &#038; Bois Chaud\"}]},{\"@type\":\"WebSite\",\"@id\":\"https:\/\/235th.com\/en\/#website\",\"url\":\"https:\/\/235th.com\/en\/\",\"name\":\"235 TH\",\"description\":\"L&#039;excellence sinon rien\",\"potentialAction\":[{\"@type\":\"SearchAction\",\"target\":{\"@type\":\"EntryPoint\",\"urlTemplate\":\"https:\/\/235th.com\/en\/?s={search_term_string}\"},\"query-input\":{\"@type\":\"PropertyValueSpecification\",\"valueRequired\":true,\"valueName\":\"search_term_string\"}}],\"inLanguage\":\"en-US\"}]}<\/script>\n<!-- \/ Yoast SEO plugin. -->","yoast_head_json":{"title":"Apr\u00e8s-shampooing R\u00e9parateur & Lissant \u2013 Ar\u00f4me Fruits Juteux & Bois Chaud - 235 TH","robots":{"index":"index","follow":"follow","max-snippet":"max-snippet:-1","max-image-preview":"max-image-preview:large","max-video-preview":"max-video-preview:-1"},"canonical":"https:\/\/235th.com\/en\/product\/apres-shampooing-reparateur-lissant-arome-fruits-juteux-bois-chaud\/","og_locale":"en_US","og_type":"article","og_title":"Apr\u00e8s-shampooing R\u00e9parateur & Lissant \u2013 Ar\u00f4me Fruits Juteux & Bois Chaud - 235 TH","og_description":"300 ml \/ 10.14 fl oz \u2013 Certifi\u00e9 Ecocert COSMOS Natural Offrez \u00e0 vos clients un soin cibl\u00e9 haute performance pour redonner vie aux pointes s\u00e8ches et d\u00e9shydrat\u00e9es. Ce revitalisant v\u00e9g\u00e9talien, sans noix et certifi\u00e9 naturel, combine l\u2019efficacit\u00e9 de l\u2019huile d\u2019argan nourrissante, des prot\u00e9ines de bl\u00e9 r\u00e9paratrices, du jus d\u2019aloe [&hellip;]","og_url":"https:\/\/235th.com\/en\/product\/apres-shampooing-reparateur-lissant-arome-fruits-juteux-bois-chaud\/","og_site_name":"235 TH","article_modified_time":"2025-05-08T14:02:33+00:00","og_image":[{"width":1930,"height":2560,"url":"https:\/\/235th.com\/wp-content\/uploads\/2025\/05\/nMJwHBQ6JLZntQ3Gv7WqYrMIW1HzXnVJ-scaled.jpg","type":"image\/jpeg"}],"twitter_card":"summary_large_image","twitter_misc":{"Est. reading time":"1 minute"},"schema":{"@context":"https:\/\/schema.org","@graph":[{"@type":"WebPage","@id":"https:\/\/235th.com\/en\/product\/apres-shampooing-reparateur-lissant-arome-fruits-juteux-bois-chaud\/","url":"https:\/\/235th.com\/en\/product\/apres-shampooing-reparateur-lissant-arome-fruits-juteux-bois-chaud\/","name":"Apr\u00e8s-shampooing R\u00e9parateur & Lissant \u2013 Ar\u00f4me Fruits Juteux & Bois Chaud - 235 TH","isPartOf":{"@id":"https:\/\/235th.com\/en\/#website"},"primaryImageOfPage":{"@id":"https:\/\/235th.com\/en\/product\/apres-shampooing-reparateur-lissant-arome-fruits-juteux-bois-chaud\/#primaryimage"},"image":{"@id":"https:\/\/235th.com\/en\/product\/apres-shampooing-reparateur-lissant-arome-fruits-juteux-bois-chaud\/#primaryimage"},"thumbnailUrl":"https:\/\/i0.wp.com\/235th.com\/wp-content\/uploads\/2025\/05\/nMJwHBQ6JLZntQ3Gv7WqYrMIW1HzXnVJ-scaled.jpg?fit=1930%2C2560&ssl=1","datePublished":"2025-05-08T13:54:26+00:00","dateModified":"2025-05-08T14:02:33+00:00","breadcrumb":{"@id":"https:\/\/235th.com\/en\/product\/apres-shampooing-reparateur-lissant-arome-fruits-juteux-bois-chaud\/#breadcrumb"},"inLanguage":"en-US","potentialAction":[{"@type":"ReadAction","target":["https:\/\/235th.com\/en\/product\/apres-shampooing-reparateur-lissant-arome-fruits-juteux-bois-chaud\/"]}]},{"@type":"ImageObject","inLanguage":"en-US","@id":"https:\/\/235th.com\/en\/product\/apres-shampooing-reparateur-lissant-arome-fruits-juteux-bois-chaud\/#primaryimage","url":"https:\/\/i0.wp.com\/235th.com\/wp-content\/uploads\/2025\/05\/nMJwHBQ6JLZntQ3Gv7WqYrMIW1HzXnVJ-scaled.jpg?fit=1930%2C2560&ssl=1","contentUrl":"https:\/\/i0.wp.com\/235th.com\/wp-content\/uploads\/2025\/05\/nMJwHBQ6JLZntQ3Gv7WqYrMIW1HzXnVJ-scaled.jpg?fit=1930%2C2560&ssl=1","width":1930,"height":2560},{"@type":"BreadcrumbList","@id":"https:\/\/235th.com\/en\/product\/apres-shampooing-reparateur-lissant-arome-fruits-juteux-bois-chaud\/#breadcrumb","itemListElement":[{"@type":"ListItem","position":1,"name":"Accueil","item":"https:\/\/235th.com\/en\/"},{"@type":"ListItem","position":2,"name":"Store","item":"https:\/\/235th.com\/en\/store\/"},{"@type":"ListItem","position":3,"name":"Apr\u00e8s-shampooing R\u00e9parateur &#038; Lissant \u2013 Ar\u00f4me Fruits Juteux &#038; Bois Chaud"}]},{"@type":"WebSite","@id":"https:\/\/235th.com\/en\/#website","url":"https:\/\/235th.com\/en\/","name":"235 TH","description":"L&#039;excellence sinon rien","potentialAction":[{"@type":"SearchAction","target":{"@type":"EntryPoint","urlTemplate":"https:\/\/235th.com\/en\/?s={search_term_string}"},"query-input":{"@type":"PropertyValueSpecification","valueRequired":true,"valueName":"search_term_string"}}],"inLanguage":"en-US"}]}},"_links":{"self":[{"href":"https:\/\/235th.com\/en\/wp-json\/wp\/v2\/product\/118822","targetHints":{"allow":["GET"]}}],"collection":[{"href":"https:\/\/235th.com\/en\/wp-json\/wp\/v2\/product"}],"about":[{"href":"https:\/\/235th.com\/en\/wp-json\/wp\/v2\/types\/product"}],"replies":[{"embeddable":true,"href":"https:\/\/235th.com\/en\/wp-json\/wp\/v2\/comments?post=118822"}],"wp:featuredmedia":[{"embeddable":true,"href":"https:\/\/235th.com\/en\/wp-json\/wp\/v2\/media\/118823"}],"wp:attachment":[{"href":"https:\/\/235th.com\/en\/wp-json\/wp\/v2\/media?parent=118822"}],"wp:term":[{"taxonomy":"product_brand","embeddable":true,"href":"https:\/\/235th.com\/en\/wp-json\/wp\/v2\/product_brand?post=118822"},{"taxonomy":"product_cat","embeddable":true,"href":"https:\/\/235th.com\/en\/wp-json\/wp\/v2\/product_cat?post=118822"},{"taxonomy":"product_tag","embeddable":true,"href":"https:\/\/235th.com\/en\/wp-json\/wp\/v2\/product_tag?post=118822"}],"curies":[{"name":"wp","href":"https:\/\/api.w.org\/{rel}","templated":true}]}}