{"id":118827,"date":"2025-05-08T15:59:30","date_gmt":"2025-05-08T13:59:30","guid":{"rendered":"https:\/\/235th.com\/?post_type=product&#038;p=118827"},"modified":"2025-05-08T16:02:20","modified_gmt":"2025-05-08T14:02:20","slug":"shampooing-hydratant-lissant-arome-fruits-sucres-bois-chauds","status":"publish","type":"product","link":"https:\/\/235th.com\/en\/product\/shampooing-hydratant-lissant-arome-fruits-sucres-bois-chauds\/","title":{"rendered":"Shampooing Hydratant &#038; Lissant \u2013 Ar\u00f4me Fruits Sucr\u00e9s &#038; Bois Chauds"},"content":{"rendered":"<p>290 ml \/ 9.81 fl oz \u2013 Certifi\u00e9 Ecocert COSMOS Natural<\/p>\n<p>Purifiez vos cheveux avec douceur tout en leur offrant une hydratation naturelle et une texture liss\u00e9e.<br \/>\nCe shampooing certifi\u00e9 naturel, sans gluten, sans noix et 100 % v\u00e9g\u00e9talien, est formul\u00e9 pour nettoyer en douceur, hydrater la fibre capillaire et pr\u00e9server la souplesse et la brillance des cheveux, sans les alourdir.<\/p>\n<p>Sa formule \u00e0 base de jus d\u2019aloe vera et d\u2019extraits de plantes apaisants respecte le cuir chevelu, m\u00eame sensible, tout en laissant les cheveux frais, doux et lisses apr\u00e8s chaque lavage.<\/p>\n<p>Son parfum subtil et enveloppant de fruits sucr\u00e9s et bois chauds apporte une touche sensorielle chaleureuse \u00e0 votre routine capillaire.<\/p>\n<p>B\u00e9n\u00e9fices cl\u00e9s :<br \/>\n\u2714 Hydrate et adoucit les cheveux<br \/>\n\u2714 Effet lissant sans alourdir<br \/>\n\u2714 Nettoyage d\u00e9licat \u2013 id\u00e9al pour un usage quotidien<br \/>\n\u2714 Certifi\u00e9 Ecocert COSMOS Natural \u2022 Sans gluten \u2022 Sans noix \u2022 V\u00e9g\u00e9talien<\/p>\n<p>Conseils d\u2019utilisation : appliquer sur cheveux mouill\u00e9s, masser doucement le cuir chevelu, faire mousser, puis rincer abondamment.<\/p>\n","protected":false},"excerpt":{"rendered":"<p>290 ml \/ 9.81 fl oz \u2013 Certifi\u00e9 Ecocert COSMOS Natural Purifiez vos cheveux avec douceur tout en leur offrant une hydratation naturelle et une texture liss\u00e9e. Ce shampooing certifi\u00e9 naturel, sans gluten, sans noix et 100 % v\u00e9g\u00e9talien, est formul\u00e9 pour nettoyer en douceur, hydrater la fibre capillaire et [&hellip;]<\/p>\n","protected":false},"featured_media":118828,"comment_status":"closed","ping_status":"closed","template":"","meta":[],"product_brand":[],"product_cat":[833],"product_tag":[851,878,891,989,933,860,883,971,850,976,968],"class_list":{"0":"post-118827","1":"product","2":"type-product","3":"status-publish","4":"has-post-thumbnail","6":"product_cat-non-classifiee","7":"product_tag-all-skin-types-types-de-peau","8":"product_tag-blanche-couleur-de-lemballage","9":"product_tag-certifie-naturel-reclamations","10":"product_tag-doux-pour-les-cheveux","11":"product_tag-effet-lissant","12":"product_tag-hydratant","13":"product_tag-jus-daloe-vera-principes-actifs","14":"product_tag-manque-de-volume-inquietude","15":"product_tag-peaux-deshydratees-inquietude","16":"product_tag-shampooings-type","17":"product_tag-soins-du-cheveu","19":"first","20":"instock","21":"taxable","22":"shipping-taxable","23":"purchasable","24":"product-type-simple"},"acf":[],"yoast_head":"<!-- This site is optimized with the Yoast SEO plugin v24.3 - https:\/\/yoast.com\/wordpress\/plugins\/seo\/ -->\n<title>Shampooing Hydratant &amp; Lissant \u2013 Ar\u00f4me Fruits Sucr\u00e9s &amp; Bois Chauds - 235 TH<\/title>\n<meta name=\"robots\" content=\"index, follow, max-snippet:-1, max-image-preview:large, max-video-preview:-1\" \/>\n<link rel=\"canonical\" href=\"https:\/\/235th.com\/en\/product\/shampooing-hydratant-lissant-arome-fruits-sucres-bois-chauds\/\" \/>\n<meta property=\"og:locale\" content=\"en_US\" \/>\n<meta property=\"og:type\" content=\"article\" \/>\n<meta property=\"og:title\" content=\"Shampooing Hydratant &amp; Lissant \u2013 Ar\u00f4me Fruits Sucr\u00e9s &amp; Bois Chauds - 235 TH\" \/>\n<meta property=\"og:description\" content=\"290 ml \/ 9.81 fl oz \u2013 Certifi\u00e9 Ecocert COSMOS Natural Purifiez vos cheveux avec douceur tout en leur offrant une hydratation naturelle et une texture liss\u00e9e. Ce shampooing certifi\u00e9 naturel, sans gluten, sans noix et 100 % v\u00e9g\u00e9talien, est formul\u00e9 pour nettoyer en douceur, hydrater la fibre capillaire et [&hellip;]\" \/>\n<meta property=\"og:url\" content=\"https:\/\/235th.com\/en\/product\/shampooing-hydratant-lissant-arome-fruits-sucres-bois-chauds\/\" \/>\n<meta property=\"og:site_name\" content=\"235 TH\" \/>\n<meta property=\"article:modified_time\" content=\"2025-05-08T14:02:20+00:00\" \/>\n<meta property=\"og:image\" content=\"https:\/\/235th.com\/wp-content\/uploads\/2025\/05\/Fr9CfXNYeJB_16EIzi9nefBF4dSC2DkQ-scaled.jpg\" \/>\n\t<meta property=\"og:image:width\" content=\"1930\" \/>\n\t<meta property=\"og:image:height\" content=\"2560\" \/>\n\t<meta property=\"og:image:type\" content=\"image\/jpeg\" \/>\n<meta name=\"twitter:card\" content=\"summary_large_image\" \/>\n<meta name=\"twitter:label1\" content=\"Est. reading time\" \/>\n\t<meta name=\"twitter:data1\" content=\"1 minute\" \/>\n<script type=\"application\/ld+json\" class=\"yoast-schema-graph\">{\"@context\":\"https:\/\/schema.org\",\"@graph\":[{\"@type\":\"WebPage\",\"@id\":\"https:\/\/235th.com\/en\/product\/shampooing-hydratant-lissant-arome-fruits-sucres-bois-chauds\/\",\"url\":\"https:\/\/235th.com\/en\/product\/shampooing-hydratant-lissant-arome-fruits-sucres-bois-chauds\/\",\"name\":\"Shampooing Hydratant & Lissant \u2013 Ar\u00f4me Fruits Sucr\u00e9s & Bois Chauds - 235 TH\",\"isPartOf\":{\"@id\":\"https:\/\/235th.com\/en\/#website\"},\"primaryImageOfPage\":{\"@id\":\"https:\/\/235th.com\/en\/product\/shampooing-hydratant-lissant-arome-fruits-sucres-bois-chauds\/#primaryimage\"},\"image\":{\"@id\":\"https:\/\/235th.com\/en\/product\/shampooing-hydratant-lissant-arome-fruits-sucres-bois-chauds\/#primaryimage\"},\"thumbnailUrl\":\"https:\/\/i0.wp.com\/235th.com\/wp-content\/uploads\/2025\/05\/Fr9CfXNYeJB_16EIzi9nefBF4dSC2DkQ-scaled.jpg?fit=1930%2C2560&ssl=1\",\"datePublished\":\"2025-05-08T13:59:30+00:00\",\"dateModified\":\"2025-05-08T14:02:20+00:00\",\"breadcrumb\":{\"@id\":\"https:\/\/235th.com\/en\/product\/shampooing-hydratant-lissant-arome-fruits-sucres-bois-chauds\/#breadcrumb\"},\"inLanguage\":\"en-US\",\"potentialAction\":[{\"@type\":\"ReadAction\",\"target\":[\"https:\/\/235th.com\/en\/product\/shampooing-hydratant-lissant-arome-fruits-sucres-bois-chauds\/\"]}]},{\"@type\":\"ImageObject\",\"inLanguage\":\"en-US\",\"@id\":\"https:\/\/235th.com\/en\/product\/shampooing-hydratant-lissant-arome-fruits-sucres-bois-chauds\/#primaryimage\",\"url\":\"https:\/\/i0.wp.com\/235th.com\/wp-content\/uploads\/2025\/05\/Fr9CfXNYeJB_16EIzi9nefBF4dSC2DkQ-scaled.jpg?fit=1930%2C2560&ssl=1\",\"contentUrl\":\"https:\/\/i0.wp.com\/235th.com\/wp-content\/uploads\/2025\/05\/Fr9CfXNYeJB_16EIzi9nefBF4dSC2DkQ-scaled.jpg?fit=1930%2C2560&ssl=1\",\"width\":1930,\"height\":2560},{\"@type\":\"BreadcrumbList\",\"@id\":\"https:\/\/235th.com\/en\/product\/shampooing-hydratant-lissant-arome-fruits-sucres-bois-chauds\/#breadcrumb\",\"itemListElement\":[{\"@type\":\"ListItem\",\"position\":1,\"name\":\"Accueil\",\"item\":\"https:\/\/235th.com\/en\/\"},{\"@type\":\"ListItem\",\"position\":2,\"name\":\"Store\",\"item\":\"https:\/\/235th.com\/en\/store\/\"},{\"@type\":\"ListItem\",\"position\":3,\"name\":\"Shampooing Hydratant &#038; Lissant \u2013 Ar\u00f4me Fruits Sucr\u00e9s &#038; Bois Chauds\"}]},{\"@type\":\"WebSite\",\"@id\":\"https:\/\/235th.com\/en\/#website\",\"url\":\"https:\/\/235th.com\/en\/\",\"name\":\"235 TH\",\"description\":\"L&#039;excellence sinon rien\",\"potentialAction\":[{\"@type\":\"SearchAction\",\"target\":{\"@type\":\"EntryPoint\",\"urlTemplate\":\"https:\/\/235th.com\/en\/?s={search_term_string}\"},\"query-input\":{\"@type\":\"PropertyValueSpecification\",\"valueRequired\":true,\"valueName\":\"search_term_string\"}}],\"inLanguage\":\"en-US\"}]}<\/script>\n<!-- \/ Yoast SEO plugin. -->","yoast_head_json":{"title":"Shampooing Hydratant & Lissant \u2013 Ar\u00f4me Fruits Sucr\u00e9s & Bois Chauds - 235 TH","robots":{"index":"index","follow":"follow","max-snippet":"max-snippet:-1","max-image-preview":"max-image-preview:large","max-video-preview":"max-video-preview:-1"},"canonical":"https:\/\/235th.com\/en\/product\/shampooing-hydratant-lissant-arome-fruits-sucres-bois-chauds\/","og_locale":"en_US","og_type":"article","og_title":"Shampooing Hydratant & Lissant \u2013 Ar\u00f4me Fruits Sucr\u00e9s & Bois Chauds - 235 TH","og_description":"290 ml \/ 9.81 fl oz \u2013 Certifi\u00e9 Ecocert COSMOS Natural Purifiez vos cheveux avec douceur tout en leur offrant une hydratation naturelle et une texture liss\u00e9e. Ce shampooing certifi\u00e9 naturel, sans gluten, sans noix et 100 % v\u00e9g\u00e9talien, est formul\u00e9 pour nettoyer en douceur, hydrater la fibre capillaire et [&hellip;]","og_url":"https:\/\/235th.com\/en\/product\/shampooing-hydratant-lissant-arome-fruits-sucres-bois-chauds\/","og_site_name":"235 TH","article_modified_time":"2025-05-08T14:02:20+00:00","og_image":[{"width":1930,"height":2560,"url":"https:\/\/235th.com\/wp-content\/uploads\/2025\/05\/Fr9CfXNYeJB_16EIzi9nefBF4dSC2DkQ-scaled.jpg","type":"image\/jpeg"}],"twitter_card":"summary_large_image","twitter_misc":{"Est. reading time":"1 minute"},"schema":{"@context":"https:\/\/schema.org","@graph":[{"@type":"WebPage","@id":"https:\/\/235th.com\/en\/product\/shampooing-hydratant-lissant-arome-fruits-sucres-bois-chauds\/","url":"https:\/\/235th.com\/en\/product\/shampooing-hydratant-lissant-arome-fruits-sucres-bois-chauds\/","name":"Shampooing Hydratant & Lissant \u2013 Ar\u00f4me Fruits Sucr\u00e9s & Bois Chauds - 235 TH","isPartOf":{"@id":"https:\/\/235th.com\/en\/#website"},"primaryImageOfPage":{"@id":"https:\/\/235th.com\/en\/product\/shampooing-hydratant-lissant-arome-fruits-sucres-bois-chauds\/#primaryimage"},"image":{"@id":"https:\/\/235th.com\/en\/product\/shampooing-hydratant-lissant-arome-fruits-sucres-bois-chauds\/#primaryimage"},"thumbnailUrl":"https:\/\/i0.wp.com\/235th.com\/wp-content\/uploads\/2025\/05\/Fr9CfXNYeJB_16EIzi9nefBF4dSC2DkQ-scaled.jpg?fit=1930%2C2560&ssl=1","datePublished":"2025-05-08T13:59:30+00:00","dateModified":"2025-05-08T14:02:20+00:00","breadcrumb":{"@id":"https:\/\/235th.com\/en\/product\/shampooing-hydratant-lissant-arome-fruits-sucres-bois-chauds\/#breadcrumb"},"inLanguage":"en-US","potentialAction":[{"@type":"ReadAction","target":["https:\/\/235th.com\/en\/product\/shampooing-hydratant-lissant-arome-fruits-sucres-bois-chauds\/"]}]},{"@type":"ImageObject","inLanguage":"en-US","@id":"https:\/\/235th.com\/en\/product\/shampooing-hydratant-lissant-arome-fruits-sucres-bois-chauds\/#primaryimage","url":"https:\/\/i0.wp.com\/235th.com\/wp-content\/uploads\/2025\/05\/Fr9CfXNYeJB_16EIzi9nefBF4dSC2DkQ-scaled.jpg?fit=1930%2C2560&ssl=1","contentUrl":"https:\/\/i0.wp.com\/235th.com\/wp-content\/uploads\/2025\/05\/Fr9CfXNYeJB_16EIzi9nefBF4dSC2DkQ-scaled.jpg?fit=1930%2C2560&ssl=1","width":1930,"height":2560},{"@type":"BreadcrumbList","@id":"https:\/\/235th.com\/en\/product\/shampooing-hydratant-lissant-arome-fruits-sucres-bois-chauds\/#breadcrumb","itemListElement":[{"@type":"ListItem","position":1,"name":"Accueil","item":"https:\/\/235th.com\/en\/"},{"@type":"ListItem","position":2,"name":"Store","item":"https:\/\/235th.com\/en\/store\/"},{"@type":"ListItem","position":3,"name":"Shampooing Hydratant &#038; Lissant \u2013 Ar\u00f4me Fruits Sucr\u00e9s &#038; Bois Chauds"}]},{"@type":"WebSite","@id":"https:\/\/235th.com\/en\/#website","url":"https:\/\/235th.com\/en\/","name":"235 TH","description":"L&#039;excellence sinon rien","potentialAction":[{"@type":"SearchAction","target":{"@type":"EntryPoint","urlTemplate":"https:\/\/235th.com\/en\/?s={search_term_string}"},"query-input":{"@type":"PropertyValueSpecification","valueRequired":true,"valueName":"search_term_string"}}],"inLanguage":"en-US"}]}},"_links":{"self":[{"href":"https:\/\/235th.com\/en\/wp-json\/wp\/v2\/product\/118827","targetHints":{"allow":["GET"]}}],"collection":[{"href":"https:\/\/235th.com\/en\/wp-json\/wp\/v2\/product"}],"about":[{"href":"https:\/\/235th.com\/en\/wp-json\/wp\/v2\/types\/product"}],"replies":[{"embeddable":true,"href":"https:\/\/235th.com\/en\/wp-json\/wp\/v2\/comments?post=118827"}],"wp:featuredmedia":[{"embeddable":true,"href":"https:\/\/235th.com\/en\/wp-json\/wp\/v2\/media\/118828"}],"wp:attachment":[{"href":"https:\/\/235th.com\/en\/wp-json\/wp\/v2\/media?parent=118827"}],"wp:term":[{"taxonomy":"product_brand","embeddable":true,"href":"https:\/\/235th.com\/en\/wp-json\/wp\/v2\/product_brand?post=118827"},{"taxonomy":"product_cat","embeddable":true,"href":"https:\/\/235th.com\/en\/wp-json\/wp\/v2\/product_cat?post=118827"},{"taxonomy":"product_tag","embeddable":true,"href":"https:\/\/235th.com\/en\/wp-json\/wp\/v2\/product_tag?post=118827"}],"curies":[{"name":"wp","href":"https:\/\/api.w.org\/{rel}","templated":true}]}}